{"id":3078,"date":"2016-02-22T10:19:24","date_gmt":"2016-02-22T10:19:24","guid":{"rendered":"http:\/\/suprema.select-themes.com\/?page_id=3078"},"modified":"2017-06-07T13:49:25","modified_gmt":"2017-06-07T13:49:25","slug":"about-me","status":"publish","type":"page","link":"https:\/\/msyj.com.ar\/web\/about-me\/","title":{"rendered":"La Empresa"},"content":{"rendered":"<div class=\"wpb-content-wrapper\"><p>[vc_row][vc_column css=\u00bb.vc_custom_1496523174662{background: #6d2a40 url(https:\/\/msyj.com.ar\/web\/wp-content\/uploads\/2016\/02\/fondo1.jpg?id=4188) !important;}\u00bb]<div class=\"qodef-elements-holder qodef-two-columns qodef-responsive-mode-768 qodef-elements-items-fs-height\" ><div class=\"qodef-elements-holder-item qodef-horizontal-alignment-center\"  style=\"background-image: url(https:\/\/msyj.com.ar\/web\/wp-content\/uploads\/2016\/02\/logo1-2.jpg)\">\n\t\t<div class=\"qodef-elements-holder-item-inner\">\n\t\t<div class=\"qodef-elements-holder-item-content qodef-elements-holder-custom-306589\" >\n\t\t\t\t\t\t<style type=\"text\/css\" data-type=\"qodef-elements-custom-padding\">\n\t\t\t\t\t\t\t\t@media only screen and (min-width: 1280px) and (max-width: 1600px) {\n\t\t\t\t\t.qodef-elements-holder .qodef-elements-holder-item-content.qodef-elements-holder-custom-306589 {\n\t\t\t\t\t\tpadding:  !important;\n\t\t\t\t\t}\n\t\t\t\t}\n\t\t\t\t\t\t\t\t\t\t\t\t\t@media only screen and (min-width: 1024px) and (max-width: 1280px) {\n\t\t\t\t\t\t.qodef-elements-holder .qodef-elements-holder-item-content.qodef-elements-holder-custom-306589 {\n\t\t\t\t\t\t\tpadding: 10% 0 10% 0 !important;\n\t\t\t\t\t\t}\n\t\t\t\t\t}\n\t\t\t\t\t\t\t\t\t\t\t\t@media only screen and (min-width: 768px) and (max-width: 1024px) {\n\t\t\t\t\t.qodef-elements-holder .qodef-elements-holder-item-content.qodef-elements-holder-custom-306589 {\n\t\t\t\t\t\tpadding: 50% 0 50% 0 !important;\n\t\t\t\t\t}\n\t\t\t\t}\n\t\t\t\t\t\t\t\t\t\t\t\t@media only screen and (min-width: 600px) and (max-width: 768px) {\n\t\t\t\t\t.qodef-elements-holder .qodef-elements-holder-item-content.qodef-elements-holder-custom-306589 {\n\t\t\t\t\t\tpadding:  !important;\n\t\t\t\t\t}\n\t\t\t\t}\n\t\t\t\t\t\t\t\t\t\t\t\t@media only screen and (min-width: 480px) and (max-width: 600px) {\n\t\t\t\t\t.qodef-elements-holder .qodef-elements-holder-item-content.qodef-elements-holder-custom-306589 {\n\t\t\t\t\t\tpadding:  !important;\n\t\t\t\t\t}\n\t\t\t\t}\n\t\t\t\t\t\t\t\t\t\t\t\t@media only screen and (max-width: 480px) {\n\t\t\t\t\t.qodef-elements-holder .qodef-elements-holder-item-content.qodef-elements-holder-custom-306589 {\n\t\t\t\t\t\tpadding: 50% 0 50% 0 !important;\n\t\t\t\t\t}\n\t\t\t\t}\n\t\t\t\t\t\t\t\t<\/style>\n\t\t\t\t\t\t\t\t<\/div>\n\t<\/div>\n<\/div><div class=\"qodef-elements-holder-item qodef-vertical-alignment-top\"  >\n\t\t<div class=\"qodef-elements-holder-item-inner\">\n\t\t<div class=\"qodef-elements-holder-item-content qodef-elements-holder-custom-459828\" style=\"padding: 0 0 0 0%\">\n\t\t\t\t\t\t<style type=\"text\/css\" data-type=\"qodef-elements-custom-padding\">\n\t\t\t\t\t\t\t\t@media only screen and (min-width: 1280px) and (max-width: 1600px) {\n\t\t\t\t\t.qodef-elements-holder .qodef-elements-holder-item-content.qodef-elements-holder-custom-459828 {\n\t\t\t\t\t\tpadding:  !important;\n\t\t\t\t\t}\n\t\t\t\t}\n\t\t\t\t\t\t\t\t\t\t\t\t\t@media only screen and (min-width: 1024px) and (max-width: 1280px) {\n\t\t\t\t\t\t.qodef-elements-holder .qodef-elements-holder-item-content.qodef-elements-holder-custom-459828 {\n\t\t\t\t\t\t\tpadding: 0% 0% 0% 0%  !important;\n\t\t\t\t\t\t}\n\t\t\t\t\t}\n\t\t\t\t\t\t\t\t\t\t\t\t@media only screen and (min-width: 768px) and (max-width: 1024px) {\n\t\t\t\t\t.qodef-elements-holder .qodef-elements-holder-item-content.qodef-elements-holder-custom-459828 {\n\t\t\t\t\t\tpadding: 0% !important;\n\t\t\t\t\t}\n\t\t\t\t}\n\t\t\t\t\t\t\t\t\t\t\t\t@media only screen and (min-width: 600px) and (max-width: 768px) {\n\t\t\t\t\t.qodef-elements-holder .qodef-elements-holder-item-content.qodef-elements-holder-custom-459828 {\n\t\t\t\t\t\tpadding:  !important;\n\t\t\t\t\t}\n\t\t\t\t}\n\t\t\t\t\t\t\t\t\t\t\t\t@media only screen and (min-width: 480px) and (max-width: 600px) {\n\t\t\t\t\t.qodef-elements-holder .qodef-elements-holder-item-content.qodef-elements-holder-custom-459828 {\n\t\t\t\t\t\tpadding:  !important;\n\t\t\t\t\t}\n\t\t\t\t}\n\t\t\t\t\t\t\t\t\t\t\t\t@media only screen and (max-width: 480px) {\n\t\t\t\t\t.qodef-elements-holder .qodef-elements-holder-item-content.qodef-elements-holder-custom-459828 {\n\t\t\t\t\t\tpadding: 0% !important;\n\t\t\t\t\t}\n\t\t\t\t}\n\t\t\t\t\t\t\t\t<\/style>\n\t\t\t\t\t\t[vc_row_inner css=\u00bb.vc_custom_1496440931540{padding-top: 10.5% !important;padding-left: 12.5% !important;}\u00bb][vc_column_inner][vc_column_text]<\/p>\n<h3><span style=\"color: #ffffff;\"><strong>La empresa<\/strong><\/span><\/h3>\n<p>[\/vc_column_text][vc_empty_space height=\u00bb0px\u00bb][vc_column_text css=\u00bb.vc_custom_1496843362545{margin-right: 100px !important;margin-bottom: 50px !important;}\u00bb]<strong>Ms y J<\/strong>\u00a0es una empresa con m\u00e1s de 30\u00aa a\u00f1os de experiencia en la fabricaci\u00f3n de calzados de danza, algunos de nuestros artesanos fueron orgullosos pioneros en la primera f\u00e1brica de calzados para danza de la Republica Argentina..<\/p>\n<p>En la actualidad, nuestros productos se lucen en los m\u00e1s importantes escenarios, a los pies de los bailarines del Teatro Col\u00f3n, Teatro Argentino de la Plata, I\u00f1aki Urlezaga y el Ballet Concierto, entre otros, grandes artistas que desde hace a\u00f1os eligen nuestros calzados y art\u00edculos para danza.<\/p>\n<p>A trav\u00e9s de los a\u00f1os, participamos de diferentes eventos nacionales e internacionales, siempre apoyando la danza y a sus exponentes, maestros, core\u00f3grafos, bailarines de todas las disciplinas.<\/p>\n<h3><span style=\"color: #ffffff;\"><strong>Nuestros Productos<\/strong><\/span><\/h3>\n<p>Nuestro primer \u201cproducto estrella\u201d fueron las zapatillas de puntas, luego revolucionamos el dise\u00f1o de medias puntas. Con el correr de los a\u00f1os, innovando permanentemente, fuimos creciendo y agregando art\u00edculos, nuevos calzados con avances tecnol\u00f3gicos, finalmente, gran variedad de torsos y ropas para danza.<\/p>\n<p>Este \u00e9xito y crecimiento es el resultado de nuestra dedicaci\u00f3n a proveer de productos de excepcional calidad para todos los artistas de la danza. La gran aceptaci\u00f3n de nuestros productos, desde Jujuy hasta Tierra del Fuego, y tambi\u00e9n el en exterior, d\u00eda a d\u00eda fortalece nuestra reputaci\u00f3n, a la vez que refuerza nuestro inquebrantable compromiso de seguir trabajando para elevar nuestro nivel de creatividad y calidad.[\/vc_column_text][\/vc_column_inner][\/vc_row_inner]\t\t<\/div>\n\t<\/div>\n<\/div><\/div>[\/vc_column][\/vc_row]<\/p>\n<\/div>","protected":false},"excerpt":{"rendered":"<p>[vc_row][vc_column css=\u00bb.vc_custom_1496523174662{background: #6d2a40 url(https:\/\/msyj.com.ar\/web\/wp-content\/uploads\/2016\/02\/fondo1.jpg?id=4188) !important;}\u00bb][\/vc_column][\/vc_row]<\/p>\n","protected":false},"author":3,"featured_media":0,"parent":0,"menu_order":0,"comment_status":"closed","ping_status":"closed","template":"full-width.php","meta":{"footnotes":""},"class_list":["post-3078","page","type-page","status-publish","hentry"],"_links":{"self":[{"href":"https:\/\/msyj.com.ar\/web\/wp-json\/wp\/v2\/pages\/3078","targetHints":{"allow":["GET"]}}],"collection":[{"href":"https:\/\/msyj.com.ar\/web\/wp-json\/wp\/v2\/pages"}],"about":[{"href":"https:\/\/msyj.com.ar\/web\/wp-json\/wp\/v2\/types\/page"}],"author":[{"embeddable":true,"href":"https:\/\/msyj.com.ar\/web\/wp-json\/wp\/v2\/users\/3"}],"replies":[{"embeddable":true,"href":"https:\/\/msyj.com.ar\/web\/wp-json\/wp\/v2\/comments?post=3078"}],"version-history":[{"count":60,"href":"https:\/\/msyj.com.ar\/web\/wp-json\/wp\/v2\/pages\/3078\/revisions"}],"predecessor-version":[{"id":4221,"href":"https:\/\/msyj.com.ar\/web\/wp-json\/wp\/v2\/pages\/3078\/revisions\/4221"}],"wp:attachment":[{"href":"https:\/\/msyj.com.ar\/web\/wp-json\/wp\/v2\/media?parent=3078"}],"curies":[{"name":"wp","href":"https:\/\/api.w.org\/{rel}","templated":true}]}}